{"id":658,"date":"2021-11-04T07:50:10","date_gmt":"2021-11-04T07:50:10","guid":{"rendered":"http:\/\/kfz-pichlerjoe.at\/wordpressjoe\/?page_id=658"},"modified":"2025-01-07T19:50:31","modified_gmt":"2025-01-07T19:50:31","slug":"impressum","status":"publish","type":"page","link":"http:\/\/kfz-pichlerjoe.at\/wordpressjoe\/?page_id=658","title":{"rendered":"Impressum"},"content":{"rendered":"\n<h3>Herausgeber:<\/h3>\n\n\n\n<h4>Johann Pichler \u2013 KFZ Meisterbetrieb Pichler Joe<\/h4>\n\n\n\n<p>Puchegg 9<br>8250 Vorau<br>03337\/2634 oder 0664\/9979110<br>e-Mail: pichlerjoe@speed.at<\/p>\n\n\n\n<p>Informationspflicht lt. \u00a7 5 Abs. 1 E \u2013 Commerce \u2013 Gesetz und Offenlegung gem\u00e4\u00df Mediengesetz \u00a7 25: WKO Firmeneintrag<\/p>\n\n\n\n<p><strong>Bilderenachweis:<\/strong><\/p>\n\n\n\n<p>Alle Inhalte dieser Webseite (Bilder und Texte) unterliegen, sofern nicht anders angegeben, dem Urheberrecht bzw. stammen aus freien Bildverzeichnissen. Alle Rechte liegen bei den Verfassern. Jegliche Ver\u00f6ffentlichung oder Verwendung von Bildern und\/oder Texten, auch auszugsweise, sowie Vervielf\u00e4ltigungen jeglicher Art sind ohne ausdr\u00fcckliche schriftliche Genehmigung der Verfasser untersagt.<\/p>\n\n\n\n<p><strong>Haftungsausschluss:<\/strong><\/p>\n\n\n\n<p>Alle Inhalte auf dieser Webseite werde sorgf\u00e4ltig erstellt und laufend \u00fcberpr\u00fcft. Wir sind bem\u00fcht, richtige und vollst\u00e4ndige Informationen bereitzustellen, f\u00fcr die inhaltliche Vollst\u00e4ndigkeit, Akualit\u00e4t und Richtigkeit wird aber keine Gew\u00e4hr \u00fcbernommen. Selbstverst\u00e4ndlich werden auch die Websites anderer Anbieter, zu denen Hyperlinks gesetzt sind, laufend \u00fcberpr\u00fcft. Dennoch wird ausdr\u00fccklich darauf hingewiesen, dass wir auf die Gestaltung und Inhalte der verlinkten Seiten keinen Einfluss haben. Sollten diese Seiten ihre Inhalte nach unserer \u00dcberpr\u00fcfung ohne unsere Kenntnis derart \u00e4ndern, dass sie eine rechtswidrige T\u00e4tigkeit im Sinne von \u00a717 E-Commerce-Gestz (BGBl. vom 21.12.2001) darstellen, distanzieren wir uns hiermit ausdr\u00fccklich davon. Diese Erkl\u00e4rung gilt f\u00fcr alle auf unserer Website und deren Unterseiten ausgebrachten Links und f\u00fcr alle Inhalte der Seiten, zu denen Links oder Banner f\u00fchren.<\/p>\n","protected":false},"excerpt":{"rendered":"<p>Herausgeber: Johann Pichler \u2013 KFZ Meisterbetrieb Pichler Joe Puchegg 98250 Vorau03337\/2634 oder 0664\/9979110e-Mail: pichlerjoe@speed.at Informationspflicht lt. \u00a7 5 Abs. 1 E \u2013 Commerce \u2013 Gesetz und Offenlegung gem\u00e4\u00df Mediengesetz \u00a7 25: WKO Firmeneintrag Bilderenachweis: Alle Inhalte dieser Webseite (Bilder und Texte) unterliegen, sofern nicht anders angegeben, dem Urheberrecht bzw. stammen aus freien Bildverzeichnissen. Alle Rechte &hellip; <\/p>\n<p class=\"link-more\"><a href=\"http:\/\/kfz-pichlerjoe.at\/wordpressjoe\/?page_id=658\" class=\"more-link\"><span class=\"screen-reader-text\">\u201eImpressum\u201c<\/span> weiterlesen<\/a><\/p>\n","protected":false},"author":1,"featured_media":0,"parent":0,"menu_order":0,"comment_status":"closed","ping_status":"closed","template":"","meta":[],"yoast_head":"<!-- This site is optimized with the Yoast SEO plugin v19.13 - https:\/\/yoast.com\/wordpress\/plugins\/seo\/ -->\n<title>Impressum - KFZ Meisterbetrieb Pichler Joe<\/title>\n<meta name=\"robots\" content=\"index, follow, max-snippet:-1, max-image-preview:large, max-video-preview:-1\" \/>\n<link rel=\"canonical\" href=\"http:\/\/kfz-pichlerjoe.at\/wordpressjoe\/?page_id=658\" \/>\n<meta property=\"og:locale\" content=\"de_DE\" \/>\n<meta property=\"og:type\" content=\"article\" \/>\n<meta property=\"og:title\" content=\"Impressum - KFZ Meisterbetrieb Pichler Joe\" \/>\n<meta property=\"og:description\" content=\"Herausgeber: Johann Pichler \u2013 KFZ Meisterbetrieb Pichler Joe Puchegg 98250 Vorau03337\/2634 oder 0664\/9979110e-Mail: pichlerjoe@speed.at Informationspflicht lt. \u00a7 5 Abs. 1 E \u2013 Commerce \u2013 Gesetz und Offenlegung gem\u00e4\u00df Mediengesetz \u00a7 25: WKO Firmeneintrag Bilderenachweis: Alle Inhalte dieser Webseite (Bilder und Texte) unterliegen, sofern nicht anders angegeben, dem Urheberrecht bzw. stammen aus freien Bildverzeichnissen. Alle Rechte &hellip; \u201eImpressum\u201c weiterlesen\" \/>\n<meta property=\"og:url\" content=\"http:\/\/kfz-pichlerjoe.at\/wordpressjoe\/?page_id=658\" \/>\n<meta property=\"og:site_name\" content=\"KFZ Meisterbetrieb Pichler Joe\" \/>\n<meta property=\"article:modified_time\" content=\"2025-01-07T19:50:31+00:00\" \/>\n<meta name=\"twitter:card\" content=\"summary_large_image\" \/>\n<meta name=\"twitter:label1\" content=\"Gesch\u00e4tzte Lesezeit\" \/>\n\t<meta name=\"twitter:data1\" content=\"2\u00a0Minuten\" \/>\n<script type=\"application\/ld+json\" class=\"yoast-schema-graph\">{\"@context\":\"https:\/\/schema.org\",\"@graph\":[{\"@type\":\"WebPage\",\"@id\":\"http:\/\/kfz-pichlerjoe.at\/wordpressjoe\/?page_id=658\",\"url\":\"http:\/\/kfz-pichlerjoe.at\/wordpressjoe\/?page_id=658\",\"name\":\"Impressum - KFZ Meisterbetrieb Pichler Joe\",\"isPartOf\":{\"@id\":\"http:\/\/kfz-pichlerjoe.at\/wordpressjoe\/#website\"},\"datePublished\":\"2021-11-04T07:50:10+00:00\",\"dateModified\":\"2025-01-07T19:50:31+00:00\",\"breadcrumb\":{\"@id\":\"http:\/\/kfz-pichlerjoe.at\/wordpressjoe\/?page_id=658#breadcrumb\"},\"inLanguage\":\"de\",\"potentialAction\":[{\"@type\":\"ReadAction\",\"target\":[\"http:\/\/kfz-pichlerjoe.at\/wordpressjoe\/?page_id=658\"]}]},{\"@type\":\"BreadcrumbList\",\"@id\":\"http:\/\/kfz-pichlerjoe.at\/wordpressjoe\/?page_id=658#breadcrumb\",\"itemListElement\":[{\"@type\":\"ListItem\",\"position\":1,\"name\":\"Startseite\",\"item\":\"http:\/\/kfz-pichlerjoe.at\/wordpressjoe\"},{\"@type\":\"ListItem\",\"position\":2,\"name\":\"Impressum\"}]},{\"@type\":\"WebSite\",\"@id\":\"http:\/\/kfz-pichlerjoe.at\/wordpressjoe\/#website\",\"url\":\"http:\/\/kfz-pichlerjoe.at\/wordpressjoe\/\",\"name\":\"KFZ Meisterbetrieb Pichler Joe\",\"description\":\"8250 Vorau, Puchegg 9\",\"potentialAction\":[{\"@type\":\"SearchAction\",\"target\":{\"@type\":\"EntryPoint\",\"urlTemplate\":\"http:\/\/kfz-pichlerjoe.at\/wordpressjoe\/?s={search_term_string}\"},\"query-input\":\"required name=search_term_string\"}],\"inLanguage\":\"de\"}]}<\/script>\n<!-- \/ Yoast SEO plugin. -->","yoast_head_json":{"title":"Impressum - KFZ Meisterbetrieb Pichler Joe","robots":{"index":"index","follow":"follow","max-snippet":"max-snippet:-1","max-image-preview":"max-image-preview:large","max-video-preview":"max-video-preview:-1"},"canonical":"http:\/\/kfz-pichlerjoe.at\/wordpressjoe\/?page_id=658","og_locale":"de_DE","og_type":"article","og_title":"Impressum - KFZ Meisterbetrieb Pichler Joe","og_description":"Herausgeber: Johann Pichler \u2013 KFZ Meisterbetrieb Pichler Joe Puchegg 98250 Vorau03337\/2634 oder 0664\/9979110e-Mail: pichlerjoe@speed.at Informationspflicht lt. \u00a7 5 Abs. 1 E \u2013 Commerce \u2013 Gesetz und Offenlegung gem\u00e4\u00df Mediengesetz \u00a7 25: WKO Firmeneintrag Bilderenachweis: Alle Inhalte dieser Webseite (Bilder und Texte) unterliegen, sofern nicht anders angegeben, dem Urheberrecht bzw. stammen aus freien Bildverzeichnissen. Alle Rechte &hellip; \u201eImpressum\u201c weiterlesen","og_url":"http:\/\/kfz-pichlerjoe.at\/wordpressjoe\/?page_id=658","og_site_name":"KFZ Meisterbetrieb Pichler Joe","article_modified_time":"2025-01-07T19:50:31+00:00","twitter_card":"summary_large_image","twitter_misc":{"Gesch\u00e4tzte Lesezeit":"2\u00a0Minuten"},"schema":{"@context":"https:\/\/schema.org","@graph":[{"@type":"WebPage","@id":"http:\/\/kfz-pichlerjoe.at\/wordpressjoe\/?page_id=658","url":"http:\/\/kfz-pichlerjoe.at\/wordpressjoe\/?page_id=658","name":"Impressum - KFZ Meisterbetrieb Pichler Joe","isPartOf":{"@id":"http:\/\/kfz-pichlerjoe.at\/wordpressjoe\/#website"},"datePublished":"2021-11-04T07:50:10+00:00","dateModified":"2025-01-07T19:50:31+00:00","breadcrumb":{"@id":"http:\/\/kfz-pichlerjoe.at\/wordpressjoe\/?page_id=658#breadcrumb"},"inLanguage":"de","potentialAction":[{"@type":"ReadAction","target":["http:\/\/kfz-pichlerjoe.at\/wordpressjoe\/?page_id=658"]}]},{"@type":"BreadcrumbList","@id":"http:\/\/kfz-pichlerjoe.at\/wordpressjoe\/?page_id=658#breadcrumb","itemListElement":[{"@type":"ListItem","position":1,"name":"Startseite","item":"http:\/\/kfz-pichlerjoe.at\/wordpressjoe"},{"@type":"ListItem","position":2,"name":"Impressum"}]},{"@type":"WebSite","@id":"http:\/\/kfz-pichlerjoe.at\/wordpressjoe\/#website","url":"http:\/\/kfz-pichlerjoe.at\/wordpressjoe\/","name":"KFZ Meisterbetrieb Pichler Joe","description":"8250 Vorau, Puchegg 9","potentialAction":[{"@type":"SearchAction","target":{"@type":"EntryPoint","urlTemplate":"http:\/\/kfz-pichlerjoe.at\/wordpressjoe\/?s={search_term_string}"},"query-input":"required name=search_term_string"}],"inLanguage":"de"}]}},"_links":{"self":[{"href":"http:\/\/kfz-pichlerjoe.at\/wordpressjoe\/index.php?rest_route=\/wp\/v2\/pages\/658"}],"collection":[{"href":"http:\/\/kfz-pichlerjoe.at\/wordpressjoe\/index.php?rest_route=\/wp\/v2\/pages"}],"about":[{"href":"http:\/\/kfz-pichlerjoe.at\/wordpressjoe\/index.php?rest_route=\/wp\/v2\/types\/page"}],"author":[{"embeddable":true,"href":"http:\/\/kfz-pichlerjoe.at\/wordpressjoe\/index.php?rest_route=\/wp\/v2\/users\/1"}],"replies":[{"embeddable":true,"href":"http:\/\/kfz-pichlerjoe.at\/wordpressjoe\/index.php?rest_route=%2Fwp%2Fv2%2Fcomments&post=658"}],"version-history":[{"count":3,"href":"http:\/\/kfz-pichlerjoe.at\/wordpressjoe\/index.php?rest_route=\/wp\/v2\/pages\/658\/revisions"}],"predecessor-version":[{"id":895,"href":"http:\/\/kfz-pichlerjoe.at\/wordpressjoe\/index.php?rest_route=\/wp\/v2\/pages\/658\/revisions\/895"}],"wp:attachment":[{"href":"http:\/\/kfz-pichlerjoe.at\/wordpressjoe\/index.php?rest_route=%2Fwp%2Fv2%2Fmedia&parent=658"}],"curies":[{"name":"wp","href":"https:\/\/api.w.org\/{rel}","templated":true}]}}